{"id":61,"date":"2020-01-23T18:21:52","date_gmt":"2020-01-23T18:21:52","guid":{"rendered":"https:\/\/demosites.io\/web-agency-gb\/?page_id=61"},"modified":"2022-11-02T18:42:30","modified_gmt":"2022-11-02T21:42:30","slug":"15c42-web-agency-gb-about-us","status":"publish","type":"page","link":"https:\/\/paradiseguapi.com.br\/index.php\/15c42-web-agency-gb-about-us\/","title":{"rendered":"Sobre n\u00f3s"},"content":{"rendered":"\n<div class=\"wp-block-cover alignfull\" style=\"min-height:600px\"><span aria-hidden=\"true\" class=\"has-nv-light-bg-background-color has-background-dim-100 wp-block-cover__gradient-background has-background-dim\"><\/span><div class=\"wp-block-cover__inner-container is-layout-flow wp-block-cover-is-layout-flow\">\n<div class=\"wp-block-group is-layout-flow wp-block-group-is-layout-flow\"><div class=\"wp-block-group__inner-container\">\n<div style=\"height:80px\" aria-hidden=\"true\" class=\"wp-block-spacer\"><\/div>\n\n\n\n<div class=\"wp-block-columns are-vertically-aligned-center is-layout-flex wp-container-3 wp-block-columns-is-layout-flex\">\n<div class=\"wp-block-column is-vertically-aligned-center is-layout-flow wp-block-column-is-layout-flow\" style=\"flex-basis:50%\">\n<figure class=\"wp-block-image size-large is-resized\"><img decoding=\"async\" loading=\"lazy\" src=\"http:\/\/paradiseguapi.com.br\/wp-content\/uploads\/2022\/06\/HOME3-768x1024.jpg\" alt=\"\" class=\"wp-image-377\" width=\"485\" height=\"647\" srcset=\"https:\/\/paradiseguapi.com.br\/wp-content\/uploads\/2022\/06\/HOME3-768x1024.jpg 768w, https:\/\/paradiseguapi.com.br\/wp-content\/uploads\/2022\/06\/HOME3-225x300.jpg 225w, https:\/\/paradiseguapi.com.br\/wp-content\/uploads\/2022\/06\/HOME3-1152x1536.jpg 1152w, https:\/\/paradiseguapi.com.br\/wp-content\/uploads\/2022\/06\/HOME3-1536x2048.jpg 1536w, https:\/\/paradiseguapi.com.br\/wp-content\/uploads\/2022\/06\/HOME3-scaled.jpg 1920w\" sizes=\"(max-width: 485px) 100vw, 485px\" \/><figcaption>ai<\/figcaption><\/figure>\n<\/div>\n\n\n\n<div class=\"wp-block-column is-vertically-aligned-center is-layout-flow wp-block-column-is-layout-flow\" style=\"flex-basis:50%\">\n<h2 class=\"has-neve-text-color-color has-text-color wp-block-heading\">Nossa hist\u00f3ria<\/h2>\n\n\n\n<p class=\"has-neve-text-color-color has-text-color\">Em 2018, sentimos a necessidade de preservar a natureza, quando adquirimos o sitio Paradise Guapimirim cercado por  belas paisagens, pr\u00f3ximo a metr\u00f3pole e ao lado da Cachoeira do Soberbo, com \u00e1guas cristalinas, foi amor a primeira vista.<\/p>\n\n\n\n<p class=\"has-neve-text-color-color has-text-color\">Quem busca a experi\u00eancia de estar em contato com a natureza, podem observar p\u00e1ssaros nativos, animais silvestres e vegeta\u00e7\u00e3o da mata atl\u00e2ntica.<\/p>\n\n\n\n<p class=\"has-neve-text-color-color has-text-color\">Por trilhas de f\u00e1ceis acesso, \u00e9 poss\u00edvel acesso a  belas cachoeiras do Soberbo, escorrega, po\u00e7os verde, Vale da Lua, Conc\u00f3rida e muitas outras cachoeira exuberantes, limpas em \u00e1reas preservadas.<\/p>\n\n\n\n<p class=\"has-neve-text-color-color has-text-color\">As instala\u00e7\u00f5es do ParadiseGuapi s\u00e3o novas, com acessibilidade, \u00e1reas para crian\u00e7as, jovens, adultos e pessoas idosas com \u00e1reas planas de f\u00e1cil acesso.<\/p>\n<\/div>\n<\/div>\n\n\n\n<div style=\"height:40px\" aria-hidden=\"true\" class=\"wp-block-spacer\"><\/div>\n<\/div><\/div>\n<\/div><\/div>\n\n\n\n<div class=\"wp-block-cover alignfull\" style=\"min-height:721px\"><span aria-hidden=\"true\" class=\"has-nv-dark-bg-background-color has-background-dim-100 wp-block-cover__gradient-background has-background-dim\"><\/span><div class=\"wp-block-cover__inner-container is-layout-flow wp-block-cover-is-layout-flow\">\n<div class=\"wp-block-group is-layout-flow wp-block-group-is-layout-flow\"><div class=\"wp-block-group__inner-container\">\n<div style=\"height:80px\" aria-hidden=\"true\" class=\"wp-block-spacer\"><\/div>\n\n\n\n<div class=\"wp-block-columns are-vertically-aligned-center is-layout-flex wp-container-8 wp-block-columns-is-layout-flex\">\n<div class=\"wp-block-column is-vertically-aligned-center is-layout-flow wp-block-column-is-layout-flow\" style=\"flex-basis:50%\">\n<h2 class=\"has-nv-text-dark-bg-color has-text-color wp-block-heading\">Localiza\u00e7\u00e3o privilegiada<\/h2>\n\n\n\n<p class=\"has-nv-text-dark-bg-color has-text-color\">Perto da metropole, com melhor indicador de clima, com temperaturas a menas mesmo no ver\u00e3o, n\u00e3o formam ilha de calor.<\/p>\n\n\n\n<p class=\"has-nv-text-dark-bg-color has-text-color\">Mais de 70% da regi\u00e3o faz parte de uma \u00e1rea de prote\u00e7\u00e3o da Mata Atl\u00e2ntica, o que favorece o clima na regi\u00e3o, seus afluentes encontram a  Baia de Guanabara.<\/p>\n\n\n\n<p class=\"has-nv-text-dark-bg-color has-text-color\">Serra Verde Imperial, composto por Guapimirim, Teresop\u00f3lis, Petrop\u00f3lis, Nova Friburgo, Cachoeira de Macacu e Mag\u00e9.<\/p>\n\n\n\n<p>Belas cachoeiras com trilhas de baixa a moderada intensidade.<\/p>\n\n\n\n<p>Com boa infraestrutura de com\u00e9rcio, restaurantes, bancos e hospitais.<\/p>\n\n\n\n<div style=\"height:20px\" aria-hidden=\"true\" class=\"wp-block-spacer\"><\/div>\n\n\n\n<div style=\"height:20px\" aria-hidden=\"true\" class=\"wp-block-spacer\"><\/div>\n<\/div>\n\n\n\n<div class=\"wp-block-column is-vertically-aligned-center is-layout-flow wp-block-column-is-layout-flow\" style=\"flex-basis:50%\">\n<figure class=\"wp-block-image size-large\"><img decoding=\"async\" loading=\"lazy\" width=\"1024\" height=\"768\" src=\"https:\/\/paradiseguapi.com.br\/wp-content\/uploads\/2022\/09\/CACHOEIRA-1024x768.jpg\" alt=\"\" class=\"wp-image-389\" srcset=\"https:\/\/paradiseguapi.com.br\/wp-content\/uploads\/2022\/09\/CACHOEIRA-1024x768.jpg 1024w, https:\/\/paradiseguapi.com.br\/wp-content\/uploads\/2022\/09\/CACHOEIRA-300x225.jpg 300w, https:\/\/paradiseguapi.com.br\/wp-content\/uploads\/2022\/09\/CACHOEIRA-768x576.jpg 768w, https:\/\/paradiseguapi.com.br\/wp-content\/uploads\/2022\/09\/CACHOEIRA.jpg 1040w\" sizes=\"(max-width: 1024px) 100vw, 1024px\" \/><figcaption>Cachoeira do Soberbo<\/figcaption><\/figure>\n<\/div>\n<\/div>\n<\/div><\/div>\n<\/div><\/div>\n\n\n\n<h2 class=\"alignwide has-text-align-center wp-block-heading\"><a href=\"https:\/\/paradiseguapi.com.br\/index.php\/15c42-web-agency-gb-contact-us\/\" title=\"Contato\">Agende sua visita<\/a><\/h2>\n","protected":false},"excerpt":{"rendered":"<p>Agende sua visita<\/p>\n","protected":false},"author":1,"featured_media":0,"parent":0,"menu_order":0,"comment_status":"closed","ping_status":"closed","template":"","meta":{"om_disable_all_campaigns":false,"_monsterinsights_skip_tracking":false,"_monsterinsights_sitenote_active":false,"_monsterinsights_sitenote_note":"","_monsterinsights_sitenote_category":0,"neve_meta_sidebar":"default","neve_meta_container":"default","neve_meta_enable_content_width":"on","neve_meta_content_width":100,"neve_meta_title_alignment":"","neve_meta_author_avatar":"","neve_post_elements_order":"","neve_meta_disable_header":"","neve_meta_disable_footer":"","neve_meta_disable_title":"on","_ti_tpc_template_sync":false,"_ti_tpc_template_id":"0qhau2t6eoekosrgo1a2","footnotes":""},"_links":{"self":[{"href":"https:\/\/paradiseguapi.com.br\/index.php\/wp-json\/wp\/v2\/pages\/61"}],"collection":[{"href":"https:\/\/paradiseguapi.com.br\/index.php\/wp-json\/wp\/v2\/pages"}],"about":[{"href":"https:\/\/paradiseguapi.com.br\/index.php\/wp-json\/wp\/v2\/types\/page"}],"author":[{"embeddable":true,"href":"https:\/\/paradiseguapi.com.br\/index.php\/wp-json\/wp\/v2\/users\/1"}],"replies":[{"embeddable":true,"href":"https:\/\/paradiseguapi.com.br\/index.php\/wp-json\/wp\/v2\/comments?post=61"}],"version-history":[{"count":6,"href":"https:\/\/paradiseguapi.com.br\/index.php\/wp-json\/wp\/v2\/pages\/61\/revisions"}],"predecessor-version":[{"id":401,"href":"https:\/\/paradiseguapi.com.br\/index.php\/wp-json\/wp\/v2\/pages\/61\/revisions\/401"}],"wp:attachment":[{"href":"https:\/\/paradiseguapi.com.br\/index.php\/wp-json\/wp\/v2\/media?parent=61"}],"curies":[{"name":"wp","href":"https:\/\/api.w.org\/{rel}","templated":true}]}}